{"id":49,"date":"2023-12-03T12:44:09","date_gmt":"2023-12-03T11:44:09","guid":{"rendered":"https:\/\/catharinaholmberg.com\/?page_id=49"},"modified":"2023-12-14T15:31:56","modified_gmt":"2023-12-14T14:31:56","slug":"weaving-kit","status":"publish","type":"page","link":"https:\/\/catharinaholmberg.com\/index.php\/veva\/weaving-kit\/","title":{"rendered":"Weaving kit &#8211; how to begin"},"content":{"rendered":"\n<p>PHOTOS<\/p>\n\n\n\n<div class=\"wp-block-group has-global-padding is-layout-constrained wp-block-group-is-layout-constrained\">\n<div class=\"wp-block-group has-global-padding is-layout-constrained wp-block-group-is-layout-constrained\">\n<div class=\"wp-block-columns is-layout-flex wp-container-core-columns-is-layout-28f84493 wp-block-columns-is-layout-flex\">\n<div class=\"wp-block-column is-layout-flow wp-block-column-is-layout-flow\" style=\"flex-basis:100%\">\n<figure class=\"wp-block-gallery has-nested-images columns-default is-cropped wp-block-gallery-1 is-layout-flex wp-block-gallery-is-layout-flex\">\n<figure class=\"wp-block-image size-large\"><img loading=\"lazy\" decoding=\"async\" width=\"1024\" height=\"576\" data-id=\"69\" src=\"https:\/\/catharinaholmberg.com\/wp-content\/uploads\/2023\/12\/frame-00000-1024x576.jpg\" alt=\"\" class=\"wp-image-69\" srcset=\"https:\/\/catharinaholmberg.com\/wp-content\/uploads\/2023\/12\/frame-00000-1024x576.jpg 1024w, https:\/\/catharinaholmberg.com\/wp-content\/uploads\/2023\/12\/frame-00000-300x169.jpg 300w, https:\/\/catharinaholmberg.com\/wp-content\/uploads\/2023\/12\/frame-00000-768x432.jpg 768w, https:\/\/catharinaholmberg.com\/wp-content\/uploads\/2023\/12\/frame-00000-1536x864.jpg 1536w, https:\/\/catharinaholmberg.com\/wp-content\/uploads\/2023\/12\/frame-00000-500x281.jpg 500w, https:\/\/catharinaholmberg.com\/wp-content\/uploads\/2023\/12\/frame-00000.jpg 1920w\" sizes=\"auto, (max-width: 1024px) 100vw, 1024px\" \/><\/figure>\n\n\n\n<figure class=\"wp-block-image size-large\"><img loading=\"lazy\" decoding=\"async\" width=\"1024\" height=\"576\" data-id=\"72\" src=\"https:\/\/catharinaholmberg.com\/wp-content\/uploads\/2023\/12\/frame-00003-1024x576.jpg\" alt=\"\" class=\"wp-image-72\" srcset=\"https:\/\/catharinaholmberg.com\/wp-content\/uploads\/2023\/12\/frame-00003-1024x576.jpg 1024w, https:\/\/catharinaholmberg.com\/wp-content\/uploads\/2023\/12\/frame-00003-300x169.jpg 300w, https:\/\/catharinaholmberg.com\/wp-content\/uploads\/2023\/12\/frame-00003-768x432.jpg 768w, https:\/\/catharinaholmberg.com\/wp-content\/uploads\/2023\/12\/frame-00003-1536x864.jpg 1536w, https:\/\/catharinaholmberg.com\/wp-content\/uploads\/2023\/12\/frame-00003-500x281.jpg 500w, https:\/\/catharinaholmberg.com\/wp-content\/uploads\/2023\/12\/frame-00003.jpg 1920w\" sizes=\"auto, (max-width: 1024px) 100vw, 1024px\" \/><\/figure>\n\n\n\n<figure class=\"wp-block-image size-large\"><img loading=\"lazy\" decoding=\"async\" width=\"1024\" height=\"576\" data-id=\"75\" src=\"https:\/\/catharinaholmberg.com\/wp-content\/uploads\/2023\/12\/frame-00006-1024x576.jpg\" alt=\"\" class=\"wp-image-75\" srcset=\"https:\/\/catharinaholmberg.com\/wp-content\/uploads\/2023\/12\/frame-00006-1024x576.jpg 1024w, https:\/\/catharinaholmberg.com\/wp-content\/uploads\/2023\/12\/frame-00006-300x169.jpg 300w, https:\/\/catharinaholmberg.com\/wp-content\/uploads\/2023\/12\/frame-00006-768x432.jpg 768w, https:\/\/catharinaholmberg.com\/wp-content\/uploads\/2023\/12\/frame-00006-1536x864.jpg 1536w, https:\/\/catharinaholmberg.com\/wp-content\/uploads\/2023\/12\/frame-00006-500x281.jpg 500w, https:\/\/catharinaholmberg.com\/wp-content\/uploads\/2023\/12\/frame-00006.jpg 1920w\" sizes=\"auto, (max-width: 1024px) 100vw, 1024px\" \/><\/figure>\n\n\n\n<figure class=\"wp-block-image size-large\"><img loading=\"lazy\" decoding=\"async\" width=\"1024\" height=\"576\" data-id=\"77\" src=\"https:\/\/catharinaholmberg.com\/wp-content\/uploads\/2023\/12\/frame-00008-1024x576.jpg\" alt=\"\" class=\"wp-image-77\" srcset=\"https:\/\/catharinaholmberg.com\/wp-content\/uploads\/2023\/12\/frame-00008-1024x576.jpg 1024w, https:\/\/catharinaholmberg.com\/wp-content\/uploads\/2023\/12\/frame-00008-300x169.jpg 300w, https:\/\/catharinaholmberg.com\/wp-content\/uploads\/2023\/12\/frame-00008-768x432.jpg 768w, https:\/\/catharinaholmberg.com\/wp-content\/uploads\/2023\/12\/frame-00008-1536x864.jpg 1536w, https:\/\/catharinaholmberg.com\/wp-content\/uploads\/2023\/12\/frame-00008-500x281.jpg 500w, https:\/\/catharinaholmberg.com\/wp-content\/uploads\/2023\/12\/frame-00008.jpg 1920w\" sizes=\"auto, (max-width: 1024px) 100vw, 1024px\" \/><\/figure>\n\n\n\n<figure class=\"wp-block-image size-large\"><img loading=\"lazy\" decoding=\"async\" width=\"1024\" height=\"576\" data-id=\"82\" src=\"https:\/\/catharinaholmberg.com\/wp-content\/uploads\/2023\/12\/frame-00013-1024x576.jpg\" alt=\"\" class=\"wp-image-82\" srcset=\"https:\/\/catharinaholmberg.com\/wp-content\/uploads\/2023\/12\/frame-00013-1024x576.jpg 1024w, https:\/\/catharinaholmberg.com\/wp-content\/uploads\/2023\/12\/frame-00013-300x169.jpg 300w, https:\/\/catharinaholmberg.com\/wp-content\/uploads\/2023\/12\/frame-00013-768x432.jpg 768w, https:\/\/catharinaholmberg.com\/wp-content\/uploads\/2023\/12\/frame-00013-1536x864.jpg 1536w, https:\/\/catharinaholmberg.com\/wp-content\/uploads\/2023\/12\/frame-00013-500x281.jpg 500w, https:\/\/catharinaholmberg.com\/wp-content\/uploads\/2023\/12\/frame-00013.jpg 1920w\" sizes=\"auto, (max-width: 1024px) 100vw, 1024px\" \/><\/figure>\n\n\n\n<figure class=\"wp-block-image size-large\"><img loading=\"lazy\" decoding=\"async\" width=\"1024\" height=\"576\" data-id=\"84\" src=\"https:\/\/catharinaholmberg.com\/wp-content\/uploads\/2023\/12\/frame-00015-1024x576.jpg\" alt=\"\" class=\"wp-image-84\" srcset=\"https:\/\/catharinaholmberg.com\/wp-content\/uploads\/2023\/12\/frame-00015-1024x576.jpg 1024w, https:\/\/catharinaholmberg.com\/wp-content\/uploads\/2023\/12\/frame-00015-300x169.jpg 300w, https:\/\/catharinaholmberg.com\/wp-content\/uploads\/2023\/12\/frame-00015-768x432.jpg 768w, https:\/\/catharinaholmberg.com\/wp-content\/uploads\/2023\/12\/frame-00015-1536x864.jpg 1536w, https:\/\/catharinaholmberg.com\/wp-content\/uploads\/2023\/12\/frame-00015-500x281.jpg 500w, https:\/\/catharinaholmberg.com\/wp-content\/uploads\/2023\/12\/frame-00015.jpg 1920w\" sizes=\"auto, (max-width: 1024px) 100vw, 1024px\" \/><\/figure>\n\n\n\n<figure class=\"wp-block-image size-large\"><img loading=\"lazy\" decoding=\"async\" width=\"1024\" height=\"576\" data-id=\"85\" src=\"https:\/\/catharinaholmberg.com\/wp-content\/uploads\/2023\/12\/frame-00016-1024x576.jpg\" alt=\"\" class=\"wp-image-85\" srcset=\"https:\/\/catharinaholmberg.com\/wp-content\/uploads\/2023\/12\/frame-00016-1024x576.jpg 1024w, https:\/\/catharinaholmberg.com\/wp-content\/uploads\/2023\/12\/frame-00016-300x169.jpg 300w, https:\/\/catharinaholmberg.com\/wp-content\/uploads\/2023\/12\/frame-00016-768x432.jpg 768w, https:\/\/catharinaholmberg.com\/wp-content\/uploads\/2023\/12\/frame-00016-1536x864.jpg 1536w, https:\/\/catharinaholmberg.com\/wp-content\/uploads\/2023\/12\/frame-00016-500x281.jpg 500w, https:\/\/catharinaholmberg.com\/wp-content\/uploads\/2023\/12\/frame-00016.jpg 1920w\" sizes=\"auto, (max-width: 1024px) 100vw, 1024px\" \/><\/figure>\n\n\n\n<figure class=\"wp-block-image size-large\"><img loading=\"lazy\" decoding=\"async\" width=\"1024\" height=\"576\" data-id=\"89\" src=\"https:\/\/catharinaholmberg.com\/wp-content\/uploads\/2023\/12\/frame-00022-1024x576.jpg\" alt=\"\" class=\"wp-image-89\" srcset=\"https:\/\/catharinaholmberg.com\/wp-content\/uploads\/2023\/12\/frame-00022-1024x576.jpg 1024w, https:\/\/catharinaholmberg.com\/wp-content\/uploads\/2023\/12\/frame-00022-300x169.jpg 300w, https:\/\/catharinaholmberg.com\/wp-content\/uploads\/2023\/12\/frame-00022-768x432.jpg 768w, https:\/\/catharinaholmberg.com\/wp-content\/uploads\/2023\/12\/frame-00022-1536x864.jpg 1536w, https:\/\/catharinaholmberg.com\/wp-content\/uploads\/2023\/12\/frame-00022-500x281.jpg 500w, https:\/\/catharinaholmberg.com\/wp-content\/uploads\/2023\/12\/frame-00022.jpg 1920w\" sizes=\"auto, (max-width: 1024px) 100vw, 1024px\" \/><\/figure>\n\n\n\n<figure class=\"wp-block-image size-large\"><img loading=\"lazy\" decoding=\"async\" width=\"1024\" height=\"576\" data-id=\"94\" src=\"https:\/\/catharinaholmberg.com\/wp-content\/uploads\/2023\/12\/frame-00027-1024x576.jpg\" alt=\"\" class=\"wp-image-94\" srcset=\"https:\/\/catharinaholmberg.com\/wp-content\/uploads\/2023\/12\/frame-00027-1024x576.jpg 1024w, https:\/\/catharinaholmberg.com\/wp-content\/uploads\/2023\/12\/frame-00027-300x169.jpg 300w, https:\/\/catharinaholmberg.com\/wp-content\/uploads\/2023\/12\/frame-00027-768x432.jpg 768w, https:\/\/catharinaholmberg.com\/wp-content\/uploads\/2023\/12\/frame-00027-1536x864.jpg 1536w, https:\/\/catharinaholmberg.com\/wp-content\/uploads\/2023\/12\/frame-00027-500x281.jpg 500w, https:\/\/catharinaholmberg.com\/wp-content\/uploads\/2023\/12\/frame-00027.jpg 1920w\" sizes=\"auto, (max-width: 1024px) 100vw, 1024px\" \/><\/figure>\n\n\n\n<figure class=\"wp-block-image size-large\"><img loading=\"lazy\" decoding=\"async\" width=\"1024\" height=\"576\" data-id=\"96\" src=\"https:\/\/catharinaholmberg.com\/wp-content\/uploads\/2023\/12\/frame-00029-1024x576.jpg\" alt=\"\" class=\"wp-image-96\" srcset=\"https:\/\/catharinaholmberg.com\/wp-content\/uploads\/2023\/12\/frame-00029-1024x576.jpg 1024w, https:\/\/catharinaholmberg.com\/wp-content\/uploads\/2023\/12\/frame-00029-300x169.jpg 300w, https:\/\/catharinaholmberg.com\/wp-content\/uploads\/2023\/12\/frame-00029-768x432.jpg 768w, https:\/\/catharinaholmberg.com\/wp-content\/uploads\/2023\/12\/frame-00029-1536x864.jpg 1536w, https:\/\/catharinaholmberg.com\/wp-content\/uploads\/2023\/12\/frame-00029-500x281.jpg 500w, https:\/\/catharinaholmberg.com\/wp-content\/uploads\/2023\/12\/frame-00029.jpg 1920w\" sizes=\"auto, (max-width: 1024px) 100vw, 1024px\" \/><\/figure>\n\n\n\n<figure class=\"wp-block-image size-large\"><img loading=\"lazy\" decoding=\"async\" width=\"1024\" height=\"576\" data-id=\"98\" src=\"https:\/\/catharinaholmberg.com\/wp-content\/uploads\/2023\/12\/frame-00031-1024x576.jpg\" alt=\"\" class=\"wp-image-98\" srcset=\"https:\/\/catharinaholmberg.com\/wp-content\/uploads\/2023\/12\/frame-00031-1024x576.jpg 1024w, https:\/\/catharinaholmberg.com\/wp-content\/uploads\/2023\/12\/frame-00031-300x169.jpg 300w, https:\/\/catharinaholmberg.com\/wp-content\/uploads\/2023\/12\/frame-00031-768x432.jpg 768w, https:\/\/catharinaholmberg.com\/wp-content\/uploads\/2023\/12\/frame-00031-1536x864.jpg 1536w, https:\/\/catharinaholmberg.com\/wp-content\/uploads\/2023\/12\/frame-00031-500x281.jpg 500w, https:\/\/catharinaholmberg.com\/wp-content\/uploads\/2023\/12\/frame-00031.jpg 1920w\" sizes=\"auto, (max-width: 1024px) 100vw, 1024px\" \/><\/figure>\n\n\n\n<figure class=\"wp-block-image size-large\"><img loading=\"lazy\" decoding=\"async\" width=\"1024\" height=\"576\" data-id=\"100\" src=\"https:\/\/catharinaholmberg.com\/wp-content\/uploads\/2023\/12\/frame-00033-1024x576.jpg\" alt=\"\" class=\"wp-image-100\" srcset=\"https:\/\/catharinaholmberg.com\/wp-content\/uploads\/2023\/12\/frame-00033-1024x576.jpg 1024w, https:\/\/catharinaholmberg.com\/wp-content\/uploads\/2023\/12\/frame-00033-300x169.jpg 300w, https:\/\/catharinaholmberg.com\/wp-content\/uploads\/2023\/12\/frame-00033-768x432.jpg 768w, https:\/\/catharinaholmberg.com\/wp-content\/uploads\/2023\/12\/frame-00033-1536x864.jpg 1536w, https:\/\/catharinaholmberg.com\/wp-content\/uploads\/2023\/12\/frame-00033-500x281.jpg 500w, https:\/\/catharinaholmberg.com\/wp-content\/uploads\/2023\/12\/frame-00033.jpg 1920w\" sizes=\"auto, (max-width: 1024px) 100vw, 1024px\" \/><\/figure>\n\n\n\n<figure class=\"wp-block-image size-large\"><img loading=\"lazy\" decoding=\"async\" width=\"1024\" height=\"576\" data-id=\"101\" src=\"https:\/\/catharinaholmberg.com\/wp-content\/uploads\/2023\/12\/frame-00034-1024x576.jpg\" alt=\"\" class=\"wp-image-101\" srcset=\"https:\/\/catharinaholmberg.com\/wp-content\/uploads\/2023\/12\/frame-00034-1024x576.jpg 1024w, https:\/\/catharinaholmberg.com\/wp-content\/uploads\/2023\/12\/frame-00034-300x169.jpg 300w, https:\/\/catharinaholmberg.com\/wp-content\/uploads\/2023\/12\/frame-00034-768x432.jpg 768w, https:\/\/catharinaholmberg.com\/wp-content\/uploads\/2023\/12\/frame-00034-1536x864.jpg 1536w, https:\/\/catharinaholmberg.com\/wp-content\/uploads\/2023\/12\/frame-00034-500x281.jpg 500w, https:\/\/catharinaholmberg.com\/wp-content\/uploads\/2023\/12\/frame-00034.jpg 1920w\" sizes=\"auto, (max-width: 1024px) 100vw, 1024px\" \/><\/figure>\n\n\n\n<figure class=\"wp-block-image size-large\"><img loading=\"lazy\" decoding=\"async\" width=\"1024\" height=\"576\" data-id=\"105\" src=\"https:\/\/catharinaholmberg.com\/wp-content\/uploads\/2023\/12\/frame-00038-1024x576.jpg\" alt=\"\" class=\"wp-image-105\" srcset=\"https:\/\/catharinaholmberg.com\/wp-content\/uploads\/2023\/12\/frame-00038-1024x576.jpg 1024w, https:\/\/catharinaholmberg.com\/wp-content\/uploads\/2023\/12\/frame-00038-300x169.jpg 300w, https:\/\/catharinaholmberg.com\/wp-content\/uploads\/2023\/12\/frame-00038-768x432.jpg 768w, https:\/\/catharinaholmberg.com\/wp-content\/uploads\/2023\/12\/frame-00038-1536x864.jpg 1536w, https:\/\/catharinaholmberg.com\/wp-content\/uploads\/2023\/12\/frame-00038-500x281.jpg 500w, https:\/\/catharinaholmberg.com\/wp-content\/uploads\/2023\/12\/frame-00038.jpg 1920w\" sizes=\"auto, (max-width: 1024px) 100vw, 1024px\" \/><\/figure>\n\n\n\n<figure class=\"wp-block-image size-large\"><img loading=\"lazy\" decoding=\"async\" width=\"1024\" height=\"576\" data-id=\"107\" src=\"https:\/\/catharinaholmberg.com\/wp-content\/uploads\/2023\/12\/frame-00040-1024x576.jpg\" alt=\"\" class=\"wp-image-107\" srcset=\"https:\/\/catharinaholmberg.com\/wp-content\/uploads\/2023\/12\/frame-00040-1024x576.jpg 1024w, https:\/\/catharinaholmberg.com\/wp-content\/uploads\/2023\/12\/frame-00040-300x169.jpg 300w, https:\/\/catharinaholmberg.com\/wp-content\/uploads\/2023\/12\/frame-00040-768x432.jpg 768w, https:\/\/catharinaholmberg.com\/wp-content\/uploads\/2023\/12\/frame-00040-1536x864.jpg 1536w, https:\/\/catharinaholmberg.com\/wp-content\/uploads\/2023\/12\/frame-00040-500x281.jpg 500w, https:\/\/catharinaholmberg.com\/wp-content\/uploads\/2023\/12\/frame-00040.jpg 1920w\" sizes=\"auto, (max-width: 1024px) 100vw, 1024px\" \/><\/figure>\n\n\n\n<figure class=\"wp-block-image size-large\"><img loading=\"lazy\" decoding=\"async\" width=\"1024\" height=\"576\" data-id=\"108\" src=\"https:\/\/catharinaholmberg.com\/wp-content\/uploads\/2023\/12\/frame-00041-1024x576.jpg\" alt=\"\" class=\"wp-image-108\" srcset=\"https:\/\/catharinaholmberg.com\/wp-content\/uploads\/2023\/12\/frame-00041-1024x576.jpg 1024w, https:\/\/catharinaholmberg.com\/wp-content\/uploads\/2023\/12\/frame-00041-300x169.jpg 300w, https:\/\/catharinaholmberg.com\/wp-content\/uploads\/2023\/12\/frame-00041-768x432.jpg 768w, https:\/\/catharinaholmberg.com\/wp-content\/uploads\/2023\/12\/frame-00041-1536x864.jpg 1536w, https:\/\/catharinaholmberg.com\/wp-content\/uploads\/2023\/12\/frame-00041-500x281.jpg 500w, https:\/\/catharinaholmberg.com\/wp-content\/uploads\/2023\/12\/frame-00041.jpg 1920w\" sizes=\"auto, (max-width: 1024px) 100vw, 1024px\" \/><\/figure>\n\n\n\n<figure class=\"wp-block-image size-large\"><img loading=\"lazy\" decoding=\"async\" width=\"1024\" height=\"576\" data-id=\"109\" src=\"https:\/\/catharinaholmberg.com\/wp-content\/uploads\/2023\/12\/frame-00042-1024x576.jpg\" alt=\"\" class=\"wp-image-109\" srcset=\"https:\/\/catharinaholmberg.com\/wp-content\/uploads\/2023\/12\/frame-00042-1024x576.jpg 1024w, https:\/\/catharinaholmberg.com\/wp-content\/uploads\/2023\/12\/frame-00042-300x169.jpg 300w, https:\/\/catharinaholmberg.com\/wp-content\/uploads\/2023\/12\/frame-00042-768x432.jpg 768w, https:\/\/catharinaholmberg.com\/wp-content\/uploads\/2023\/12\/frame-00042-1536x864.jpg 1536w, https:\/\/catharinaholmberg.com\/wp-content\/uploads\/2023\/12\/frame-00042-500x281.jpg 500w, https:\/\/catharinaholmberg.com\/wp-content\/uploads\/2023\/12\/frame-00042.jpg 1920w\" sizes=\"auto, (max-width: 1024px) 100vw, 1024px\" \/><\/figure>\n\n\n\n<figure class=\"wp-block-image size-large\"><img loading=\"lazy\" decoding=\"async\" width=\"1024\" height=\"576\" data-id=\"110\" src=\"https:\/\/catharinaholmberg.com\/wp-content\/uploads\/2023\/12\/frame-00043-1024x576.jpg\" alt=\"\" class=\"wp-image-110\" srcset=\"https:\/\/catharinaholmberg.com\/wp-content\/uploads\/2023\/12\/frame-00043-1024x576.jpg 1024w, https:\/\/catharinaholmberg.com\/wp-content\/uploads\/2023\/12\/frame-00043-300x169.jpg 300w, https:\/\/catharinaholmberg.com\/wp-content\/uploads\/2023\/12\/frame-00043-768x432.jpg 768w, https:\/\/catharinaholmberg.com\/wp-content\/uploads\/2023\/12\/frame-00043-1536x864.jpg 1536w, https:\/\/catharinaholmberg.com\/wp-content\/uploads\/2023\/12\/frame-00043-500x281.jpg 500w, https:\/\/catharinaholmberg.com\/wp-content\/uploads\/2023\/12\/frame-00043.jpg 1920w\" sizes=\"auto, (max-width: 1024px) 100vw, 1024px\" \/><\/figure>\n\n\n\n<figure class=\"wp-block-image size-large\"><img loading=\"lazy\" decoding=\"async\" width=\"1024\" height=\"576\" data-id=\"111\" src=\"https:\/\/catharinaholmberg.com\/wp-content\/uploads\/2023\/12\/frame-00044-1024x576.jpg\" alt=\"\" class=\"wp-image-111\" srcset=\"https:\/\/catharinaholmberg.com\/wp-content\/uploads\/2023\/12\/frame-00044-1024x576.jpg 1024w, https:\/\/catharinaholmberg.com\/wp-content\/uploads\/2023\/12\/frame-00044-300x169.jpg 300w, https:\/\/catharinaholmberg.com\/wp-content\/uploads\/2023\/12\/frame-00044-768x432.jpg 768w, https:\/\/catharinaholmberg.com\/wp-content\/uploads\/2023\/12\/frame-00044-1536x864.jpg 1536w, https:\/\/catharinaholmberg.com\/wp-content\/uploads\/2023\/12\/frame-00044-500x281.jpg 500w, https:\/\/catharinaholmberg.com\/wp-content\/uploads\/2023\/12\/frame-00044.jpg 1920w\" sizes=\"auto, (max-width: 1024px) 100vw, 1024px\" \/><\/figure>\n<\/figure>\n\n\n\n<p>INSTRUCTIONS &#8211; TEXTE<\/p>\n\n\n\n<p>POUR COMMENCER A TISSER &#8211; TEXTE FR<\/p>\n\n\n\n<p>Cha\u00eene = fils verticaux<\/p>\n\n\n\n<p>Trame = fils horizontaux<\/p>\n\n\n\n<p>Gardez le logo v[\u00e8]va sur le c\u00f4t\u00e9 droit&nbsp;; \u00e7a vous donne une indication du \u2018haut\u2019 et du \u2018bas\u2019.<\/p>\n\n\n\n<p>A. Pour la cha\u00eene :&nbsp;<\/p>\n\n\n\n<p>&#8211; Faites un n\u0153ud dans le coin sup\u00e9rieur gauche. Prenez le fils et faites le tour des \u2018dents\u2019 en bas (vous voudrez peut-\u00eatre sauter une dent afin de faire un tissage moins dense pour la premi\u00e8re).<\/p>\n\n\n\n<p>NB : Vous travaillez uniquement sur un seul c\u00f4t\u00e9, devant.<\/p>\n\n\n\n<p>&#8211; Une fois que vous avez parcouru la largeur que vous souhaitez tisser, faites un autre n\u0153ud. Assurez-vous que celui-ci se trouve en \u2018haut\u2019.<\/p>\n\n\n\n<p>B. Pour la trame&nbsp;:<\/p>\n\n\n\n<p>&#8211; Prenez ensuite un fil, d\u2019une autre couleur, et commencez \u00e0 tisser en alternant un au-dessus, un en dessous des fils des cha\u00eenes. Ensuite sur votre deuxi\u00e8me rang\u00e9e, faites l\u2019inverse de ce que vous avez fait sur la premi\u00e8re. \u00c7a c\u2019est la toile, la base.<\/p>\n\n\n\n<p>&#8211; Comment ranger le d\u00e9but du fils&nbsp;:&nbsp;<\/p>\n\n\n\n<p>Sur votre premier rang laissez un bout de fil \u00e0 la fin, ce bout vous viendrez tisser sur seulement 3 ou 4 fils de cha\u00eene. Un morceau de fil restera mais vous pourrez le couper une fois le tissage termin\u00e9. Vous utiliserez la m\u00eame technique une fois termin\u00e9 !<\/p>\n\n\n\n<p>C. Pour finir, si vous souhaitez r\u00e9utiliser la cadre plut\u00f4t que de l\u2019utiliser comme un cadre&nbsp;:<\/p>\n\n\n\n<p>&nbsp;&nbsp;&nbsp;&nbsp;&nbsp;&nbsp;&nbsp;&nbsp;&nbsp;&nbsp;&nbsp;&nbsp;&#8211; Coupez les fils le haut possible. Basculez votre tissage pour le faire glisser en bas. Posez votre main sur le tissage et tirez doucement sur les fils de cha\u00eene pour faire rentrer les fils en bas. Et pour finir prenez les fils de cha\u00eene 2 par 2 et faites des n\u0153uds pour que le tissage ne se d\u00e9fasse pas&nbsp;!&nbsp;<\/p>\n\n\n\n<p>Et maintenant amusez- vous, allez \u00e0 votre rythme, m\u00e9langez les couleurs, faites des pompons\u2026 <\/p>\n<\/div>\n<\/div>\n<\/div>\n<\/div>\n","protected":false},"excerpt":{"rendered":"<p>PHOTOS INSTRUCTIONS &#8211; TEXTE POUR COMMENCER A TISSER &#8211; TEXTE FR Cha\u00eene = fils verticaux Trame = fils horizontaux Gardez le logo v[\u00e8]va sur le c\u00f4t\u00e9 droit&nbsp;; \u00e7a vous donne une indication du \u2018haut\u2019 et du \u2018bas\u2019. A. Pour la cha\u00eene :&nbsp; &#8211; Faites un n\u0153ud dans le coin sup\u00e9rieur gauche. Prenez le fils et [&hellip;]<\/p>\n","protected":false},"author":1,"featured_media":0,"parent":47,"menu_order":1,"comment_status":"closed","ping_status":"closed","template":"","meta":{"footnotes":""},"class_list":["post-49","page","type-page","status-publish","hentry"],"_links":{"self":[{"href":"https:\/\/catharinaholmberg.com\/index.php\/wp-json\/wp\/v2\/pages\/49","targetHints":{"allow":["GET"]}}],"collection":[{"href":"https:\/\/catharinaholmberg.com\/index.php\/wp-json\/wp\/v2\/pages"}],"about":[{"href":"https:\/\/catharinaholmberg.com\/index.php\/wp-json\/wp\/v2\/types\/page"}],"author":[{"embeddable":true,"href":"https:\/\/catharinaholmberg.com\/index.php\/wp-json\/wp\/v2\/users\/1"}],"replies":[{"embeddable":true,"href":"https:\/\/catharinaholmberg.com\/index.php\/wp-json\/wp\/v2\/comments?post=49"}],"version-history":[{"count":7,"href":"https:\/\/catharinaholmberg.com\/index.php\/wp-json\/wp\/v2\/pages\/49\/revisions"}],"predecessor-version":[{"id":117,"href":"https:\/\/catharinaholmberg.com\/index.php\/wp-json\/wp\/v2\/pages\/49\/revisions\/117"}],"up":[{"embeddable":true,"href":"https:\/\/catharinaholmberg.com\/index.php\/wp-json\/wp\/v2\/pages\/47"}],"wp:attachment":[{"href":"https:\/\/catharinaholmberg.com\/index.php\/wp-json\/wp\/v2\/media?parent=49"}],"curies":[{"name":"wp","href":"https:\/\/api.w.org\/{rel}","templated":true}]}}