{"id":42,"date":"2023-12-03T12:44:28","date_gmt":"2023-12-03T11:44:28","guid":{"rendered":"https:\/\/catharinaholmberg.com\/?page_id=42"},"modified":"2026-04-19T19:08:15","modified_gmt":"2026-04-19T17:08:15","slug":"profile","status":"publish","type":"page","link":"https:\/\/catharinaholmberg.com\/index.php\/profile\/","title":{"rendered":"A propos"},"content":{"rendered":"\n<p><strong>Catharina Holmberg<\/strong>, artiste textile, r\u00e9side dans le sud de la Bretagne, en France. Originaire de Su\u00e8de, elle a grandi \u00e0 la campagne su\u00e9doise avant de s\u2019installer \u00e0 Paris, puis au Royaume-Uni pour ses \u00e9tudes et son travail. Finalement, elle a trouv\u00e9 son havre de paix dans la campagne bretonne, au bord de la mer.<\/p>\n\n\n\n<figure class=\"wp-block-image size-large\"><img loading=\"lazy\" decoding=\"async\" width=\"1024\" height=\"683\" src=\"http:\/\/catharinaholmberg.com\/wp-content\/uploads\/2023\/12\/DSC_8830-1024x683.jpg\" alt=\"\" class=\"wp-image-43\" srcset=\"https:\/\/catharinaholmberg.com\/wp-content\/uploads\/2023\/12\/DSC_8830-1024x683.jpg 1024w, https:\/\/catharinaholmberg.com\/wp-content\/uploads\/2023\/12\/DSC_8830-300x200.jpg 300w, https:\/\/catharinaholmberg.com\/wp-content\/uploads\/2023\/12\/DSC_8830-768x512.jpg 768w, https:\/\/catharinaholmberg.com\/wp-content\/uploads\/2023\/12\/DSC_8830-1536x1024.jpg 1536w, https:\/\/catharinaholmberg.com\/wp-content\/uploads\/2023\/12\/DSC_8830-2048x1365.jpg 2048w, https:\/\/catharinaholmberg.com\/wp-content\/uploads\/2023\/12\/DSC_8830-450x300.jpg 450w\" sizes=\"auto, (max-width: 1024px) 100vw, 1024px\" \/><\/figure>\n\n\n\n<p>En 2019, Catharina s\u2019est initie au tissage, red\u00e9couvrant ainsi une passion connue pendant son enfance. Cette r\u00e9v\u00e9lation l\u2019a conduite \u00e0 se former comme tisserande, dans le but de renouer avec ses racines et son h\u00e9ritage culturel su\u00e9dois. Elle a cr\u00e9\u00e9\u00a0<strong>v[\u00e8]va<\/strong>, explorant le tissage avec des mat\u00e9riaux recycl\u00e9s et cherchant \u00e0 s\u2019\u00e9loigner du traditionnel tapis en lirette.<\/p>\n\n\n\n<p>En septembre 2022, elle entame une r\u00e9sidence \u00e0&nbsp;<strong>BREF Rive Gauche<\/strong>, un lieu d\u00e9di\u00e9 aux artistes. Cette \u00e9tape marque un tournant dans sa pratique, lui permettant d\u2019exprimer sa cr\u00e9ativit\u00e9 de mani\u00e8re plus personnelle et artistique. Le fruit de ses recherches a \u00e9t\u00e9 expos\u00e9es lors de l\u2019exposition \u00ab Uppkomst \u00bb en octobre 2023.<\/p>\n\n\n\n<p>Aujourd\u2019hui, Catharina poursuit son travail et ses recherches propres, tout en partageant sa passion pour le tissage avec d\u2019autres en travaillant avec d\u2019une part des groupes scolaire et d\u2019autres part des associations. Elle consid\u00e8re le tissage comme un langage universel, ancr\u00e9 dans l\u2019histoire de l\u2019humanit\u00e9 depuis la pr\u00e9histoire, pr\u00e9sent dans toutes les cultures du monde. Chacun de nous a un lien avec un textile, transmis de g\u00e9n\u00e9ration en g\u00e9n\u00e9ration.<\/p>\n\n\n\n<p>\u00ab&nbsp;\u00c0 ce jour, je crois dans le pouvoir du tissage, en tant que technique et symbole regorgeant de possibilit\u00e9s pour cr\u00e9er et \u00e9tablir des connexions.&nbsp;\u00bb<\/p>\n\n\n\n<p><strong>Catharina Holmberg is a textile artist living in South Brittany, France.<\/strong><\/p>\n\n\n\n<figure class=\"wp-block-image size-large\"><img loading=\"lazy\" decoding=\"async\" width=\"684\" height=\"1024\" src=\"http:\/\/catharinaholmberg.com\/wp-content\/uploads\/2024\/02\/Veva-photo-684x1024.jpg\" alt=\"\" class=\"wp-image-212\" srcset=\"https:\/\/catharinaholmberg.com\/wp-content\/uploads\/2024\/02\/Veva-photo-684x1024.jpg 684w, https:\/\/catharinaholmberg.com\/wp-content\/uploads\/2024\/02\/Veva-photo-200x300.jpg 200w, https:\/\/catharinaholmberg.com\/wp-content\/uploads\/2024\/02\/Veva-photo-768x1150.jpg 768w, https:\/\/catharinaholmberg.com\/wp-content\/uploads\/2024\/02\/Veva-photo-1025x1536.jpg 1025w, https:\/\/catharinaholmberg.com\/wp-content\/uploads\/2024\/02\/Veva-photo-1367x2048.jpg 1367w, https:\/\/catharinaholmberg.com\/wp-content\/uploads\/2024\/02\/Veva-photo-scaled.jpg 1709w\" sizes=\"auto, (max-width: 684px) 100vw, 684px\" \/><\/figure>\n\n\n\n<p>Born in Sweden, grown up in the Swedish countryside then moved to Paris, France. From there she moved to the UK to study and work. After London and Paris again, she settled in the countryside by the sea in Brittany, France.&nbsp;<\/p>\n\n\n\n<p><\/p>\n\n\n\n<p>In 2019, as a gift to herself, she did an introduction course to weaving as it was something she had done as a child in Sweden. Rediscovering weaving was a revelation. The technique and the possibilities that it has to offer. She then trained as a weaver. This process was also part of a desire to come closer to her roots and tie closer links to her Swedish cultural heritage.&nbsp;<\/p>\n\n\n\n<p>In the beginning she created v[\u00e8]va and weaved objects with a utilitarian dimension. Always having closed to heart the notion of upcycling material. Naturally exploring weaving with rags, however trying to move away from the traditional rag rug. Furthermore, finding linen from small scale industry, the end of the spools that the machine can no longer weave a manual weaver can.<\/p>\n\n\n\n<p>In September 2022, she begins a residency at BREF Rive Gauche, a hive for artists. This is a real turning point, where her practice took on a new dimension. One of much more personal and artistic expression. This research was exhibited in the exhibition \u201cUppkomst\u201d in October 2023.<\/p>\n\n\n\n<p>Today she continues her work and research there, creating and producing. This space has also given her the opportunity to open up her workshop and practice to share and transmit her love of weaving.&nbsp;<\/p>\n\n\n\n<p>The basics of the weaving has been part of humankind life since prehistoric times and can be found in every culture around the world, from Sweden to France, Africa to China, Russia to Chile\u2026 Many of us have a textile of some sort that we love and that has been passed down from one generation to another. Catharina\u2019s current research evolves a lot around this idea of weaving as a universal language.<\/p>\n\n\n\n<p>\u201cTo this day I\u2019m convinced of the power of weaving, as a technique and symbol full of possibilities to create and create connection\u201d.<\/p>\n","protected":false},"excerpt":{"rendered":"<p>Catharina Holmberg, artiste textile, r\u00e9side dans le sud de la Bretagne, en France. Originaire de Su\u00e8de, elle a grandi \u00e0 la campagne su\u00e9doise avant de s\u2019installer \u00e0 Paris, puis au Royaume-Uni pour ses \u00e9tudes et son travail. Finalement, elle a trouv\u00e9 son havre de paix dans la campagne bretonne, au bord de la mer. En [&hellip;]<\/p>\n","protected":false},"author":1,"featured_media":0,"parent":0,"menu_order":3,"comment_status":"closed","ping_status":"closed","template":"","meta":{"footnotes":""},"class_list":["post-42","page","type-page","status-publish","hentry"],"_links":{"self":[{"href":"https:\/\/catharinaholmberg.com\/index.php\/wp-json\/wp\/v2\/pages\/42","targetHints":{"allow":["GET"]}}],"collection":[{"href":"https:\/\/catharinaholmberg.com\/index.php\/wp-json\/wp\/v2\/pages"}],"about":[{"href":"https:\/\/catharinaholmberg.com\/index.php\/wp-json\/wp\/v2\/types\/page"}],"author":[{"embeddable":true,"href":"https:\/\/catharinaholmberg.com\/index.php\/wp-json\/wp\/v2\/users\/1"}],"replies":[{"embeddable":true,"href":"https:\/\/catharinaholmberg.com\/index.php\/wp-json\/wp\/v2\/comments?post=42"}],"version-history":[{"count":9,"href":"https:\/\/catharinaholmberg.com\/index.php\/wp-json\/wp\/v2\/pages\/42\/revisions"}],"predecessor-version":[{"id":326,"href":"https:\/\/catharinaholmberg.com\/index.php\/wp-json\/wp\/v2\/pages\/42\/revisions\/326"}],"wp:attachment":[{"href":"https:\/\/catharinaholmberg.com\/index.php\/wp-json\/wp\/v2\/media?parent=42"}],"curies":[{"name":"wp","href":"https:\/\/api.w.org\/{rel}","templated":true}]}}